{"id":27,"date":"2022-12-19T02:30:10","date_gmt":"2022-12-19T02:30:10","guid":{"rendered":"https:\/\/gaviaspreview.com\/wp\/gowilds\/?page_id=27"},"modified":"2026-03-26T22:10:29","modified_gmt":"2026-03-26T22:10:29","slug":"news","status":"publish","type":"page","link":"https:\/\/www.medotours.zorextravel.com\/ro\/news\/","title":{"rendered":"News 01"},"content":{"rendered":"<div data-elementor-type=\"wp-page\" data-elementor-id=\"27\" class=\"elementor elementor-27\">\n\t\t\t\t\t\t<section class=\"elementor-section elementor-top-section elementor-element elementor-element-15c24e5 elementor-section-full_width elementor-section-height-default elementor-section-height-default\" data-id=\"15c24e5\" data-element_type=\"section\" data-e-type=\"section\">\n\t\t\t\t\t\t<div class=\"elementor-container elementor-column-gap-default\">\n\t\t\t\t\t<div class=\"elementor-column elementor-col-100 elementor-top-column elementor-element elementor-element-5072785\" data-id=\"5072785\" data-element_type=\"column\" data-e-type=\"column\">\n\t\t\t<div class=\"elementor-widget-wrap elementor-element-populated\">\n\t\t\t\t\t\t<div class=\"elementor-element elementor-element-c198af0 elementor-widget elementor-widget-gva_post_breadcrumb\" data-id=\"c198af0\" data-element_type=\"widget\" data-e-type=\"widget\" data-widget_type=\"gva_post_breadcrumb.default\">\n\t\t\t\t<div class=\"elementor-widget-container\">\n\t\t\t\t\t<div class=\"gva-element-gva_post_breadcrumb gva-element\">   \r\n<div class=\"post-breadcrumb\">\r\n   <div class=\"custom-breadcrumb\" >\r\n            <div class=\"breadcrumb-main\">\r\n        <div class=\"container\">\r\n          <div class=\"breadcrumb-container-inner\">\r\n            <h2 class=\"heading-title\">News 01<\/h2><ol class=\"breadcrumb\"><li><a href=\"https:\/\/www.medotours.zorextravel.com\/ro\">Acas\u0103<\/a> <\/li> <li class=\"active\">Pagin\u0103<\/li><\/ol>          <\/div>  \r\n        <\/div>   \r\n      <\/div>  \r\n   <\/div>\r\n<\/div>      \r\n\r\n<\/div>\t\t\t\t<\/div>\n\t\t\t\t<\/div>\n\t\t\t\t\t<\/div>\n\t\t<\/div>\n\t\t\t\t\t<\/div>\n\t\t<\/section>\n\t\t\t\t<section class=\"elementor-section elementor-top-section elementor-element elementor-element-2ac74c4 elementor-section-boxed elementor-section-height-default elementor-section-height-default\" data-id=\"2ac74c4\" data-element_type=\"section\" data-e-type=\"section\">\n\t\t\t\t\t\t<div class=\"elementor-container elementor-column-gap-default\">\n\t\t\t\t\t<div class=\"elementor-column elementor-col-100 elementor-top-column elementor-element elementor-element-2d8cdf9\" data-id=\"2d8cdf9\" data-element_type=\"column\" data-e-type=\"column\">\n\t\t\t<div class=\"elementor-widget-wrap elementor-element-populated\">\n\t\t\t\t\t\t<div class=\"elementor-element elementor-element-9678132 elementor-widget elementor-widget-gva-posts\" data-id=\"9678132\" data-element_type=\"widget\" data-e-type=\"widget\" data-widget_type=\"gva-posts.default\">\n\t\t\t\t<div class=\"elementor-widget-container\">\n\t\t\t\t\t<div class=\"gva-element-gva-posts gva-element\">  \r\n  <div class=\"gva-posts-grid clearfix gva-posts\">\r\n\t\t<div class=\"gva-content-items\"> \r\n\t\t  <div class=\"lg-block-grid-3 md-block-grid-3 sm-block-grid-2 xs-block-grid-2 xx-block-grid-1\">\r\n\t\t\t <div class=\"item-columns\"><article class=\"post-2252 post type-post status-publish format-standard has-post-thumbnail hentry category-medo-tours\">\r\n   <div class=\"post post-one__single has-thumbnail\">\r\n      <div class=\"post-one__wrap\">\r\n         <div class=\"post-one__thumbnail\"><a href=\"https:\/\/www.medotours.zorextravel.com\/ro\/what-tourists-miss-egypt-excursions\/\"><img fetchpriority=\"high\" decoding=\"async\" width=\"500\" height=\"360\" src=\"https:\/\/www.medotours.zorextravel.com\/wp-content\/uploads\/2026\/02\/f276d-_d093d0b8d0b7d0b5-1-500x360.jpg\" class=\"attachment-post-thumbnail size-post-thumbnail wp-post-image\" alt=\"What Most Tourists Miss in Egypt When They Don\u2019t Take Excursions\" srcset=\"https:\/\/www.medotours.zorextravel.com\/wp-content\/uploads\/2026\/02\/f276d-_d093d0b8d0b7d0b5-1-500x360.jpg 500w, https:\/\/www.medotours.zorextravel.com\/wp-content\/uploads\/2026\/02\/f276d-_d093d0b8d0b7d0b5-1-18x12.jpg 18w\" sizes=\"(max-width: 500px) 100vw, 500px\" \/><\/a><div class=\"entry-date\"><span class=\"date\">16<\/span><span class=\"month\">feb.<\/span><\/div><\/div>       \r\n         <div class=\"post-one__content\">\r\n            <div class=\"post-one__category\"><span class=\"cat-links\"><a href=\"https:\/\/www.medotours.zorextravel.com\/ro\/category\/medo-tours\/\" rel=\"category tag\">Tururi \u00een Medo<\/a><\/span><\/div>            <div class=\"post-one__content-inner\">\r\n               \r\n               <div class=\"post-one__meta\">\r\n                  <div class=\"clearfix meta-inline post-meta-1\"><span class=\"author vcard\"><i class=\"fas fa-user-circle\"><\/i>Tururi \u00een Medo<\/span><span class=\"post-comment\"><i class=\"fas fa-comments\"><\/i>0 Comments<\/span><\/div>               <\/div> \r\n               <h3 class=\"post-one__title\"><a href=\"https:\/\/www.medotours.zorextravel.com\/ro\/what-tourists-miss-egypt-excursions\/\" rel=\"bookmark\">What Most Tourists Miss in Egypt When They Don\u2019t Take Excursions<\/a><\/h3>\r\n               <div class=\"post-one__desc\">Egypt excursions, Many travelers arrive in Egypt with a clear plan: relax, enjoy the sun,<\/div>               <div class=\"post-one__bottom\">\r\n                  <a class=\"post-one__read-more\" href=\"https:\/\/www.medotours.zorextravel.com\/ro\/what-tourists-miss-egypt-excursions\/\">\r\n                    Read More                    <i class=\"fa-solid fa-arrow-right\"><\/i>\r\n                  <\/a>\r\n               <\/div>\r\n            <\/div>\r\n         <\/div>\r\n      <\/div>   \r\n   <\/div>   \r\n<\/article><\/div><div class=\"item-columns\"><article class=\"post-2251 post type-post status-publish format-standard has-post-thumbnail hentry category-medo-tours\">\r\n   <div class=\"post post-one__single has-thumbnail\">\r\n      <div class=\"post-one__wrap\">\r\n         <div class=\"post-one__thumbnail\"><a href=\"https:\/\/www.medotours.zorextravel.com\/ro\/guided-tours-egypt-save-time\/\"><img decoding=\"async\" width=\"500\" height=\"360\" src=\"https:\/\/www.medotours.zorextravel.com\/wp-content\/uploads\/2026\/02\/40942afb-9034-4702-85f0-83fde5b00917-1-500x360.jpeg\" class=\"attachment-post-thumbnail size-post-thumbnail wp-post-image\" alt=\"How Guided Tours in Egypt Help Travelers See More in Less Time\" srcset=\"https:\/\/www.medotours.zorextravel.com\/wp-content\/uploads\/2026\/02\/40942afb-9034-4702-85f0-83fde5b00917-1-500x360.jpeg 500w, https:\/\/www.medotours.zorextravel.com\/wp-content\/uploads\/2026\/02\/40942afb-9034-4702-85f0-83fde5b00917-1-18x12.jpeg 18w\" sizes=\"(max-width: 500px) 100vw, 500px\" \/><\/a><div class=\"entry-date\"><span class=\"date\">16<\/span><span class=\"month\">feb.<\/span><\/div><\/div>       \r\n         <div class=\"post-one__content\">\r\n            <div class=\"post-one__category\"><span class=\"cat-links\"><a href=\"https:\/\/www.medotours.zorextravel.com\/ro\/category\/medo-tours\/\" rel=\"category tag\">Tururi \u00een Medo<\/a><\/span><\/div>            <div class=\"post-one__content-inner\">\r\n               \r\n               <div class=\"post-one__meta\">\r\n                  <div class=\"clearfix meta-inline post-meta-1\"><span class=\"author vcard\"><i class=\"fas fa-user-circle\"><\/i>Tururi \u00een Medo<\/span><span class=\"post-comment\"><i class=\"fas fa-comments\"><\/i>0 Comments<\/span><\/div>               <\/div> \r\n               <h3 class=\"post-one__title\"><a href=\"https:\/\/www.medotours.zorextravel.com\/ro\/guided-tours-egypt-save-time\/\" rel=\"bookmark\">How Guided Tours in Egypt Help Travelers See More in Less Time<\/a><\/h3>\r\n               <div class=\"post-one__desc\">Egypt is a destination that promises extraordinary experiences: ancient monuments, vibrant culture, dramatic landscapes, and<\/div>               <div class=\"post-one__bottom\">\r\n                  <a class=\"post-one__read-more\" href=\"https:\/\/www.medotours.zorextravel.com\/ro\/guided-tours-egypt-save-time\/\">\r\n                    Read More                    <i class=\"fa-solid fa-arrow-right\"><\/i>\r\n                  <\/a>\r\n               <\/div>\r\n            <\/div>\r\n         <\/div>\r\n      <\/div>   \r\n   <\/div>   \r\n<\/article><\/div><div class=\"item-columns\"><article class=\"post-2239 post type-post status-publish format-standard has-post-thumbnail hentry category-medo-tours\">\r\n   <div class=\"post post-one__single has-thumbnail\">\r\n      <div class=\"post-one__wrap\">\r\n         <div class=\"post-one__thumbnail\"><a href=\"https:\/\/www.medotours.zorextravel.com\/ro\/egypt-excursions-holiday-highlight\/\"><img decoding=\"async\" width=\"500\" height=\"360\" src=\"https:\/\/www.medotours.zorextravel.com\/wp-content\/uploads\/2026\/02\/giza-egyptian-pyramids-500x360.jpg\" class=\"attachment-post-thumbnail size-post-thumbnail wp-post-image\" alt=\"Why Excursions Are the Real Highlight of a Holiday in Egypt\" srcset=\"https:\/\/www.medotours.zorextravel.com\/wp-content\/uploads\/2026\/02\/giza-egyptian-pyramids-500x360.jpg 500w, https:\/\/www.medotours.zorextravel.com\/wp-content\/uploads\/2026\/02\/giza-egyptian-pyramids-18x12.jpg 18w\" sizes=\"(max-width: 500px) 100vw, 500px\" \/><\/a><div class=\"entry-date\"><span class=\"date\">16<\/span><span class=\"month\">feb.<\/span><\/div><\/div>       \r\n         <div class=\"post-one__content\">\r\n            <div class=\"post-one__category\"><span class=\"cat-links\"><a href=\"https:\/\/www.medotours.zorextravel.com\/ro\/category\/medo-tours\/\" rel=\"category tag\">Tururi \u00een Medo<\/a><\/span><\/div>            <div class=\"post-one__content-inner\">\r\n               \r\n               <div class=\"post-one__meta\">\r\n                  <div class=\"clearfix meta-inline post-meta-1\"><span class=\"author vcard\"><i class=\"fas fa-user-circle\"><\/i>Tururi \u00een Medo<\/span><span class=\"post-comment\"><i class=\"fas fa-comments\"><\/i>0 Comments<\/span><\/div>               <\/div> \r\n               <h3 class=\"post-one__title\"><a href=\"https:\/\/www.medotours.zorextravel.com\/ro\/egypt-excursions-holiday-highlight\/\" rel=\"bookmark\">Why Excursions Are the Real Highlight of a Holiday in Egypt<\/a><\/h3>\r\n               <div class=\"post-one__desc\">Egypt excursions, For many travelers, a holiday in Egypt begins with a beautiful hotel, a<\/div>               <div class=\"post-one__bottom\">\r\n                  <a class=\"post-one__read-more\" href=\"https:\/\/www.medotours.zorextravel.com\/ro\/egypt-excursions-holiday-highlight\/\">\r\n                    Read More                    <i class=\"fa-solid fa-arrow-right\"><\/i>\r\n                  <\/a>\r\n               <\/div>\r\n            <\/div>\r\n         <\/div>\r\n      <\/div>   \r\n   <\/div>   \r\n<\/article><\/div>\t\t  <\/div>\r\n\t\t<\/div>\r\n\t\t\t\t\t <div class=\"pagination\">\r\n\t\t\t\t  \t\t\t <\/div>\r\n\t\t  <\/div>\r\n  <\/div>\t\t\t\t<\/div>\n\t\t\t\t<\/div>\n\t\t\t\t\t<\/div>\n\t\t<\/div>\n\t\t\t\t\t<\/div>\n\t\t<\/section>\n\t\t\t\t<\/div>","protected":false},"excerpt":{"rendered":"<p>News 01 Home Page 16Feb Happiness Travels zorex travel0 Comments What Most Tourists Miss in Egypt When They Don\u2019t Take Excursions Egypt excursions, Many travelers arrive in Egypt with a clear plan: relax, enjoy the sun, Read More 16Feb Happiness Travels zorex travel0 Comments How Guided Tours in Egypt Help Travelers See More in Less [&hellip;]<\/p>\n","protected":false},"author":1,"featured_media":0,"parent":0,"menu_order":0,"comment_status":"closed","ping_status":"closed","template":"","meta":{"footnotes":""},"class_list":["post-27","page","type-page","status-publish","hentry"],"yoast_head":"<!-- This site is optimized with the Yoast SEO plugin v27.3 - https:\/\/yoast.com\/product\/yoast-seo-wordpress\/ -->\n<title>News 01 - Medo Tours<\/title>\n<meta name=\"robots\" content=\"index, follow, max-snippet:-1, max-image-preview:large, max-video-preview:-1\" \/>\n<link rel=\"canonical\" href=\"https:\/\/www.medotours.zorextravel.com\/ro\/news\/\" \/>\n<meta property=\"og:locale\" content=\"ro_RO\" \/>\n<meta property=\"og:type\" content=\"article\" \/>\n<meta property=\"og:title\" content=\"News 01 - Medo Tours\" \/>\n<meta property=\"og:description\" content=\"News 01 Home Page 16Feb Happiness Travels zorex travel0 Comments What Most Tourists Miss in Egypt When They Don\u2019t Take Excursions Egypt excursions, Many travelers arrive in Egypt with a clear plan: relax, enjoy the sun, Read More 16Feb Happiness Travels zorex travel0 Comments How Guided Tours in Egypt Help Travelers See More in Less [&hellip;]\" \/>\n<meta property=\"og:url\" content=\"https:\/\/www.medotours.zorextravel.com\/ro\/news\/\" \/>\n<meta property=\"og:site_name\" content=\"Medo Tours\" \/>\n<meta property=\"article:modified_time\" content=\"2026-03-26T22:10:29+00:00\" \/>\n<meta property=\"og:image\" content=\"https:\/\/www.medotours.zorextravel.com\/wp-content\/uploads\/2026\/02\/f276d-_d093d0b8d0b7d0b5-1-500x360.jpg\" \/>\n<meta name=\"twitter:card\" content=\"summary_large_image\" \/>\n<meta name=\"twitter:label1\" content=\"Timp estimat pentru citire\" \/>\n\t<meta name=\"twitter:data1\" content=\"2 minute\" \/>\n<script type=\"application\/ld+json\" class=\"yoast-schema-graph\">{\"@context\":\"https:\\\/\\\/schema.org\",\"@graph\":[{\"@type\":\"WebPage\",\"@id\":\"https:\\\/\\\/www.medotours.zorextravel.com\\\/news\\\/\",\"url\":\"https:\\\/\\\/www.medotours.zorextravel.com\\\/news\\\/\",\"name\":\"News 01 - Medo Tours\",\"isPartOf\":{\"@id\":\"https:\\\/\\\/www.medotours.zorextravel.com\\\/#website\"},\"primaryImageOfPage\":{\"@id\":\"https:\\\/\\\/www.medotours.zorextravel.com\\\/news\\\/#primaryimage\"},\"image\":{\"@id\":\"https:\\\/\\\/www.medotours.zorextravel.com\\\/news\\\/#primaryimage\"},\"thumbnailUrl\":\"https:\\\/\\\/www.medotours.zorextravel.com\\\/wp-content\\\/uploads\\\/2026\\\/02\\\/f276d-_d093d0b8d0b7d0b5-1-500x360.jpg\",\"datePublished\":\"2022-12-19T02:30:10+00:00\",\"dateModified\":\"2026-03-26T22:10:29+00:00\",\"breadcrumb\":{\"@id\":\"https:\\\/\\\/www.medotours.zorextravel.com\\\/news\\\/#breadcrumb\"},\"inLanguage\":\"ro-RO\",\"potentialAction\":[{\"@type\":\"ReadAction\",\"target\":[\"https:\\\/\\\/www.medotours.zorextravel.com\\\/news\\\/\"]}]},{\"@type\":\"ImageObject\",\"inLanguage\":\"ro-RO\",\"@id\":\"https:\\\/\\\/www.medotours.zorextravel.com\\\/news\\\/#primaryimage\",\"url\":\"https:\\\/\\\/www.medotours.zorextravel.com\\\/wp-content\\\/uploads\\\/2026\\\/02\\\/f276d-_d093d0b8d0b7d0b5-1-500x360.jpg\",\"contentUrl\":\"https:\\\/\\\/www.medotours.zorextravel.com\\\/wp-content\\\/uploads\\\/2026\\\/02\\\/f276d-_d093d0b8d0b7d0b5-1-500x360.jpg\"},{\"@type\":\"BreadcrumbList\",\"@id\":\"https:\\\/\\\/www.medotours.zorextravel.com\\\/news\\\/#breadcrumb\",\"itemListElement\":[{\"@type\":\"ListItem\",\"position\":1,\"name\":\"Home\",\"item\":\"https:\\\/\\\/www.medotours.zorextravel.com\\\/\"},{\"@type\":\"ListItem\",\"position\":2,\"name\":\"News 01\"}]},{\"@type\":\"WebSite\",\"@id\":\"https:\\\/\\\/www.medotours.zorextravel.com\\\/#website\",\"url\":\"https:\\\/\\\/www.medotours.zorextravel.com\\\/\",\"name\":\"Medo Tours\",\"description\":\"Your premium travel partner in Egypt. Explore the Red Sea, Cairo, Luxor &amp; Aswan with comfort and safety.\",\"potentialAction\":[{\"@type\":\"SearchAction\",\"target\":{\"@type\":\"EntryPoint\",\"urlTemplate\":\"https:\\\/\\\/www.medotours.zorextravel.com\\\/?s={search_term_string}\"},\"query-input\":{\"@type\":\"PropertyValueSpecification\",\"valueRequired\":true,\"valueName\":\"search_term_string\"}}],\"inLanguage\":\"ro-RO\"}]}<\/script>\n<!-- \/ Yoast SEO plugin. -->","yoast_head_json":{"title":"News 01 - Medo Tours","robots":{"index":"index","follow":"follow","max-snippet":"max-snippet:-1","max-image-preview":"max-image-preview:large","max-video-preview":"max-video-preview:-1"},"canonical":"https:\/\/www.medotours.zorextravel.com\/ro\/news\/","og_locale":"ro_RO","og_type":"article","og_title":"News 01 - Medo Tours","og_description":"News 01 Home Page 16Feb Happiness Travels zorex travel0 Comments What Most Tourists Miss in Egypt When They Don\u2019t Take Excursions Egypt excursions, Many travelers arrive in Egypt with a clear plan: relax, enjoy the sun, Read More 16Feb Happiness Travels zorex travel0 Comments How Guided Tours in Egypt Help Travelers See More in Less [&hellip;]","og_url":"https:\/\/www.medotours.zorextravel.com\/ro\/news\/","og_site_name":"Medo Tours","article_modified_time":"2026-03-26T22:10:29+00:00","og_image":[{"url":"https:\/\/www.medotours.zorextravel.com\/wp-content\/uploads\/2026\/02\/f276d-_d093d0b8d0b7d0b5-1-500x360.jpg","type":"","width":"","height":""}],"twitter_card":"summary_large_image","twitter_misc":{"Timp estimat pentru citire":"2 minute"},"schema":{"@context":"https:\/\/schema.org","@graph":[{"@type":"WebPage","@id":"https:\/\/www.medotours.zorextravel.com\/news\/","url":"https:\/\/www.medotours.zorextravel.com\/news\/","name":"News 01 - Medo Tours","isPartOf":{"@id":"https:\/\/www.medotours.zorextravel.com\/#website"},"primaryImageOfPage":{"@id":"https:\/\/www.medotours.zorextravel.com\/news\/#primaryimage"},"image":{"@id":"https:\/\/www.medotours.zorextravel.com\/news\/#primaryimage"},"thumbnailUrl":"https:\/\/www.medotours.zorextravel.com\/wp-content\/uploads\/2026\/02\/f276d-_d093d0b8d0b7d0b5-1-500x360.jpg","datePublished":"2022-12-19T02:30:10+00:00","dateModified":"2026-03-26T22:10:29+00:00","breadcrumb":{"@id":"https:\/\/www.medotours.zorextravel.com\/news\/#breadcrumb"},"inLanguage":"ro-RO","potentialAction":[{"@type":"ReadAction","target":["https:\/\/www.medotours.zorextravel.com\/news\/"]}]},{"@type":"ImageObject","inLanguage":"ro-RO","@id":"https:\/\/www.medotours.zorextravel.com\/news\/#primaryimage","url":"https:\/\/www.medotours.zorextravel.com\/wp-content\/uploads\/2026\/02\/f276d-_d093d0b8d0b7d0b5-1-500x360.jpg","contentUrl":"https:\/\/www.medotours.zorextravel.com\/wp-content\/uploads\/2026\/02\/f276d-_d093d0b8d0b7d0b5-1-500x360.jpg"},{"@type":"BreadcrumbList","@id":"https:\/\/www.medotours.zorextravel.com\/news\/#breadcrumb","itemListElement":[{"@type":"ListItem","position":1,"name":"Home","item":"https:\/\/www.medotours.zorextravel.com\/"},{"@type":"ListItem","position":2,"name":"News 01"}]},{"@type":"WebSite","@id":"https:\/\/www.medotours.zorextravel.com\/#website","url":"https:\/\/www.medotours.zorextravel.com\/","name":"Tururi \u00een Medo","description":"Partenerul t\u0103u premium de c\u0103l\u0103torie \u00een Egipt. Exploreaz\u0103 Marea Ro\u0219ie, Cairo, Luxor \u0219i Aswan \u00een confort \u0219i siguran\u021b\u0103.","potentialAction":[{"@type":"SearchAction","target":{"@type":"EntryPoint","urlTemplate":"https:\/\/www.medotours.zorextravel.com\/?s={search_term_string}"},"query-input":{"@type":"PropertyValueSpecification","valueRequired":true,"valueName":"search_term_string"}}],"inLanguage":"ro-RO"}]}},"_links":{"self":[{"href":"https:\/\/www.medotours.zorextravel.com\/ro\/wp-json\/wp\/v2\/pages\/27","targetHints":{"allow":["GET"]}}],"collection":[{"href":"https:\/\/www.medotours.zorextravel.com\/ro\/wp-json\/wp\/v2\/pages"}],"about":[{"href":"https:\/\/www.medotours.zorextravel.com\/ro\/wp-json\/wp\/v2\/types\/page"}],"author":[{"embeddable":true,"href":"https:\/\/www.medotours.zorextravel.com\/ro\/wp-json\/wp\/v2\/users\/1"}],"replies":[{"embeddable":true,"href":"https:\/\/www.medotours.zorextravel.com\/ro\/wp-json\/wp\/v2\/comments?post=27"}],"version-history":[{"count":9,"href":"https:\/\/www.medotours.zorextravel.com\/ro\/wp-json\/wp\/v2\/pages\/27\/revisions"}],"predecessor-version":[{"id":2669,"href":"https:\/\/www.medotours.zorextravel.com\/ro\/wp-json\/wp\/v2\/pages\/27\/revisions\/2669"}],"wp:attachment":[{"href":"https:\/\/www.medotours.zorextravel.com\/ro\/wp-json\/wp\/v2\/media?parent=27"}],"curies":[{"name":"wp","href":"https:\/\/api.w.org\/{rel}","templated":true}]}}